{"id":3144,"date":"2024-09-11T20:17:33","date_gmt":"2024-09-11T16:17:33","guid":{"rendered":"https:\/\/mav.ukvisa.co.uk\/uk-eta\/"},"modified":"2025-07-31T21:48:21","modified_gmt":"2025-07-31T17:48:21","slug":"uk-eta","status":"publish","type":"page","link":"https:\/\/ukvisa.co.uk\/tr\/uk-eta\/","title":{"rendered":"UK ETA"},"content":{"rendered":"","protected":false},"excerpt":{"rendered":"","protected":false},"author":2,"featured_media":0,"parent":0,"menu_order":0,"comment_status":"closed","ping_status":"closed","template":"template-application.php","meta":{"_acf_changed":false,"inline_featured_image":false,"footnotes":""},"class_list":["post-3144","page","type-page","status-publish","hentry"],"acf":[],"yoast_head":"<!-- This site is optimized with the Yoast SEO Premium plugin v24.0 (Yoast SEO v24.0) - https:\/\/yoast.com\/wordpress\/plugins\/seo\/ -->\n<title>\u0130ngiltere Elektronik Seyahat Belgesi (ETA): Ba\u015fvuru Rehberi ve \u00dccretler<\/title>\n<meta name=\"description\" content=\"\u0130ngiltere Elektronik Seyahat Belgesi (ETA), \u0130ngiltere\u2019ye yapaca\u011f\u0131n\u0131z ziyaretleri ne kadar kolayla\u015ft\u0131r\u0131yor \u00f6\u011frenin. Uygunluk, \u00fccretler ve online ba\u015fvuru i\u015flemleri hakk\u0131nda bilgi al\u0131n.\" \/>\n<meta name=\"robots\" content=\"index, follow, max-snippet:-1, max-image-preview:large, max-video-preview:-1\" \/>\n<link rel=\"canonical\" href=\"https:\/\/ukvisa.co.uk\/tr\/uk-eta\/\" \/>\n<meta property=\"og:locale\" content=\"tr_TR\" \/>\n<meta property=\"og:type\" content=\"article\" \/>\n<meta property=\"og:title\" content=\"\u0130ngiltere Elektronik Seyahat Belgesi (ETA): Ba\u015fvuru Rehberi ve \u00dccretler\" \/>\n<meta property=\"og:description\" content=\"\u0130ngiltere Elektronik Seyahat Belgesi (ETA), \u0130ngiltere\u2019ye yapaca\u011f\u0131n\u0131z ziyaretleri ne kadar kolayla\u015ft\u0131r\u0131yor \u00f6\u011frenin. Uygunluk, \u00fccretler ve online ba\u015fvuru i\u015flemleri hakk\u0131nda bilgi al\u0131n.\" \/>\n<meta property=\"og:url\" content=\"https:\/\/ukvisa.co.uk\/tr\/uk-eta\/\" \/>\n<meta property=\"og:site_name\" content=\"UKVISA.co.uk\" \/>\n<meta property=\"article:modified_time\" content=\"2025-07-31T17:48:21+00:00\" \/>\n<meta name=\"twitter:card\" content=\"summary_large_image\" \/>\n<meta name=\"twitter:title\" content=\"UK ETA\" \/>\n<script type=\"application\/ld+json\" class=\"yoast-schema-graph\">{\"@context\":\"https:\/\/schema.org\",\"@graph\":[{\"@type\":\"WebPage\",\"@id\":\"https:\/\/ukvisa.co.uk\/tr\/uk-eta\/\",\"url\":\"https:\/\/ukvisa.co.uk\/tr\/uk-eta\/\",\"name\":\"\u0130ngiltere Elektronik Seyahat Belgesi (ETA): Ba\u015fvuru Rehberi ve \u00dccretler\",\"isPartOf\":{\"@id\":\"https:\/\/ukvisa.co.uk\/tr\/#website\"},\"datePublished\":\"2024-09-11T16:17:33+00:00\",\"dateModified\":\"2025-07-31T17:48:21+00:00\",\"description\":\"\u0130ngiltere Elektronik Seyahat Belgesi (ETA), \u0130ngiltere\u2019ye yapaca\u011f\u0131n\u0131z ziyaretleri ne kadar kolayla\u015ft\u0131r\u0131yor \u00f6\u011frenin. Uygunluk, \u00fccretler ve online ba\u015fvuru i\u015flemleri hakk\u0131nda bilgi al\u0131n.\",\"breadcrumb\":{\"@id\":\"https:\/\/ukvisa.co.uk\/tr\/uk-eta\/#breadcrumb\"},\"inLanguage\":\"tr\",\"potentialAction\":[{\"@type\":\"ReadAction\",\"target\":[\"https:\/\/ukvisa.co.uk\/tr\/uk-eta\/\"]}]},{\"@type\":\"BreadcrumbList\",\"@id\":\"https:\/\/ukvisa.co.uk\/tr\/uk-eta\/#breadcrumb\",\"itemListElement\":[{\"@type\":\"ListItem\",\"position\":1,\"name\":\"Home\",\"item\":\"https:\/\/ukvisa.co.uk\/tr\/\"},{\"@type\":\"ListItem\",\"position\":2,\"name\":\"UK ETA\"}]},{\"@type\":\"WebSite\",\"@id\":\"https:\/\/ukvisa.co.uk\/tr\/#website\",\"url\":\"https:\/\/ukvisa.co.uk\/tr\/\",\"name\":\"UKVISA.co.uk\",\"description\":\"\",\"potentialAction\":[{\"@type\":\"SearchAction\",\"target\":{\"@type\":\"EntryPoint\",\"urlTemplate\":\"https:\/\/ukvisa.co.uk\/tr\/?s={search_term_string}\"},\"query-input\":{\"@type\":\"PropertyValueSpecification\",\"valueRequired\":true,\"valueName\":\"search_term_string\"}}],\"inLanguage\":\"tr\"}]}<\/script>\n<!-- \/ Yoast SEO Premium plugin. -->","yoast_head_json":{"title":"\u0130ngiltere Elektronik Seyahat Belgesi (ETA): Ba\u015fvuru Rehberi ve \u00dccretler","description":"\u0130ngiltere Elektronik Seyahat Belgesi (ETA), \u0130ngiltere\u2019ye yapaca\u011f\u0131n\u0131z ziyaretleri ne kadar kolayla\u015ft\u0131r\u0131yor \u00f6\u011frenin. Uygunluk, \u00fccretler ve online ba\u015fvuru i\u015flemleri hakk\u0131nda bilgi al\u0131n.","robots":{"index":"index","follow":"follow","max-snippet":"max-snippet:-1","max-image-preview":"max-image-preview:large","max-video-preview":"max-video-preview:-1"},"canonical":"https:\/\/ukvisa.co.uk\/tr\/uk-eta\/","og_locale":"tr_TR","og_type":"article","og_title":"\u0130ngiltere Elektronik Seyahat Belgesi (ETA): Ba\u015fvuru Rehberi ve \u00dccretler","og_description":"\u0130ngiltere Elektronik Seyahat Belgesi (ETA), \u0130ngiltere\u2019ye yapaca\u011f\u0131n\u0131z ziyaretleri ne kadar kolayla\u015ft\u0131r\u0131yor \u00f6\u011frenin. Uygunluk, \u00fccretler ve online ba\u015fvuru i\u015flemleri hakk\u0131nda bilgi al\u0131n.","og_url":"https:\/\/ukvisa.co.uk\/tr\/uk-eta\/","og_site_name":"UKVISA.co.uk","article_modified_time":"2025-07-31T17:48:21+00:00","twitter_card":"summary_large_image","twitter_title":"UK ETA","schema":{"@context":"https:\/\/schema.org","@graph":[{"@type":"WebPage","@id":"https:\/\/ukvisa.co.uk\/tr\/uk-eta\/","url":"https:\/\/ukvisa.co.uk\/tr\/uk-eta\/","name":"\u0130ngiltere Elektronik Seyahat Belgesi (ETA): Ba\u015fvuru Rehberi ve \u00dccretler","isPartOf":{"@id":"https:\/\/ukvisa.co.uk\/tr\/#website"},"datePublished":"2024-09-11T16:17:33+00:00","dateModified":"2025-07-31T17:48:21+00:00","description":"\u0130ngiltere Elektronik Seyahat Belgesi (ETA), \u0130ngiltere\u2019ye yapaca\u011f\u0131n\u0131z ziyaretleri ne kadar kolayla\u015ft\u0131r\u0131yor \u00f6\u011frenin. Uygunluk, \u00fccretler ve online ba\u015fvuru i\u015flemleri hakk\u0131nda bilgi al\u0131n.","breadcrumb":{"@id":"https:\/\/ukvisa.co.uk\/tr\/uk-eta\/#breadcrumb"},"inLanguage":"tr","potentialAction":[{"@type":"ReadAction","target":["https:\/\/ukvisa.co.uk\/tr\/uk-eta\/"]}]},{"@type":"BreadcrumbList","@id":"https:\/\/ukvisa.co.uk\/tr\/uk-eta\/#breadcrumb","itemListElement":[{"@type":"ListItem","position":1,"name":"Home","item":"https:\/\/ukvisa.co.uk\/tr\/"},{"@type":"ListItem","position":2,"name":"UK ETA"}]},{"@type":"WebSite","@id":"https:\/\/ukvisa.co.uk\/tr\/#website","url":"https:\/\/ukvisa.co.uk\/tr\/","name":"UKVISA.co.uk","description":"","potentialAction":[{"@type":"SearchAction","target":{"@type":"EntryPoint","urlTemplate":"https:\/\/ukvisa.co.uk\/tr\/?s={search_term_string}"},"query-input":{"@type":"PropertyValueSpecification","valueRequired":true,"valueName":"search_term_string"}}],"inLanguage":"tr"}]}},"_links":{"self":[{"href":"https:\/\/ukvisa.co.uk\/tr\/wp-json\/wp\/v2\/pages\/3144","targetHints":{"allow":["GET"]}}],"collection":[{"href":"https:\/\/ukvisa.co.uk\/tr\/wp-json\/wp\/v2\/pages"}],"about":[{"href":"https:\/\/ukvisa.co.uk\/tr\/wp-json\/wp\/v2\/types\/page"}],"author":[{"embeddable":true,"href":"https:\/\/ukvisa.co.uk\/tr\/wp-json\/wp\/v2\/users\/2"}],"replies":[{"embeddable":true,"href":"https:\/\/ukvisa.co.uk\/tr\/wp-json\/wp\/v2\/comments?post=3144"}],"version-history":[{"count":5,"href":"https:\/\/ukvisa.co.uk\/tr\/wp-json\/wp\/v2\/pages\/3144\/revisions"}],"predecessor-version":[{"id":3750,"href":"https:\/\/ukvisa.co.uk\/tr\/wp-json\/wp\/v2\/pages\/3144\/revisions\/3750"}],"wp:attachment":[{"href":"https:\/\/ukvisa.co.uk\/tr\/wp-json\/wp\/v2\/media?parent=3144"}],"curies":[{"name":"wp","href":"https:\/\/api.w.org\/{rel}","templated":true}]}}