{"id":3136,"date":"2024-02-19T18:11:55","date_gmt":"2024-02-19T14:11:55","guid":{"rendered":"https:\/\/mav.ukvisa.co.uk\/home\/"},"modified":"2024-12-05T22:20:21","modified_gmt":"2024-12-05T18:20:21","slug":"home","status":"publish","type":"page","link":"https:\/\/ukvisa.co.uk\/tr\/","title":{"rendered":"UK Visa"},"content":{"rendered":"","protected":false},"excerpt":{"rendered":"","protected":false},"author":1,"featured_media":0,"parent":0,"menu_order":0,"comment_status":"closed","ping_status":"closed","template":"template-home.php","meta":{"_acf_changed":false,"inline_featured_image":false,"footnotes":""},"class_list":["post-3136","page","type-page","status-publish","hentry"],"acf":[],"yoast_head":"<!-- This site is optimized with the Yoast SEO Premium plugin v24.0 (Yoast SEO v24.0) - https:\/\/yoast.com\/wordpress\/plugins\/seo\/ -->\n<title>\u0130ngiltere Vizesi Alma Rehberiniz: Ba\u015fvuru, Gerekenler ve Dahas\u0131 | UKVISA.co.uk<\/title>\n<meta name=\"description\" content=\"\u0130ngiltere vizesi, g\u00f6\u00e7menlik, \u00e7al\u0131\u015fma izni, becerikli i\u015f\u00e7i veya turist vizesi alarak Birle\u015fik Krall\u0131k\u2019ta nas\u0131l kalaca\u011f\u0131n\u0131z\u0131 \u00f6\u011frenin\" \/>\n<meta name=\"robots\" content=\"index, follow, max-snippet:-1, max-image-preview:large, max-video-preview:-1\" \/>\n<link rel=\"canonical\" href=\"https:\/\/ukvisa.co.uk\/tr\/\" \/>\n<meta property=\"og:locale\" content=\"tr_TR\" \/>\n<meta property=\"og:type\" content=\"article\" \/>\n<meta property=\"og:title\" content=\"\u0130ngiltere Vizesi Alma Rehberiniz: Ba\u015fvuru, Gerekenler ve Dahas\u0131 | UKVISA.co.uk\" \/>\n<meta property=\"og:description\" content=\"\u0130ngiltere vizesi, g\u00f6\u00e7menlik, \u00e7al\u0131\u015fma izni, becerikli i\u015f\u00e7i veya turist vizesi alarak Birle\u015fik Krall\u0131k\u2019ta nas\u0131l kalaca\u011f\u0131n\u0131z\u0131 \u00f6\u011frenin\" \/>\n<meta property=\"og:url\" content=\"https:\/\/ukvisa.co.uk\/tr\/\" \/>\n<meta property=\"og:site_name\" content=\"UKVISA.co.uk\" \/>\n<meta property=\"article:modified_time\" content=\"2024-12-05T18:20:21+00:00\" \/>\n<meta property=\"og:image\" content=\"https:\/\/ukvisa.co.uk\/wp-content\/uploads\/2024\/02\/hero-img.webp\" \/>\n\t<meta property=\"og:image:width\" content=\"634\" \/>\n\t<meta property=\"og:image:height\" content=\"476\" \/>\n\t<meta property=\"og:image:type\" content=\"image\/webp\" \/>\n<meta name=\"twitter:card\" content=\"summary_large_image\" \/>\n<meta name=\"twitter:title\" content=\"UK Visa\" \/>\n<script type=\"application\/ld+json\" class=\"yoast-schema-graph\">{\"@context\":\"https:\/\/schema.org\",\"@graph\":[{\"@type\":\"WebPage\",\"@id\":\"https:\/\/ukvisa.co.uk\/tr\/\",\"url\":\"https:\/\/ukvisa.co.uk\/tr\/\",\"name\":\"\u0130ngiltere Vizesi Alma Rehberiniz: Ba\u015fvuru, Gerekenler ve Dahas\u0131 | UKVISA.co.uk\",\"isPartOf\":{\"@id\":\"https:\/\/ukvisa.co.uk\/tr\/#website\"},\"datePublished\":\"2024-02-19T14:11:55+00:00\",\"dateModified\":\"2024-12-05T18:20:21+00:00\",\"description\":\"\u0130ngiltere vizesi, g\u00f6\u00e7menlik, \u00e7al\u0131\u015fma izni, becerikli i\u015f\u00e7i veya turist vizesi alarak Birle\u015fik Krall\u0131k\u2019ta nas\u0131l kalaca\u011f\u0131n\u0131z\u0131 \u00f6\u011frenin\",\"breadcrumb\":{\"@id\":\"https:\/\/ukvisa.co.uk\/tr\/#breadcrumb\"},\"inLanguage\":\"tr\",\"potentialAction\":[{\"@type\":\"ReadAction\",\"target\":[\"https:\/\/ukvisa.co.uk\/tr\/\"]}]},{\"@type\":\"BreadcrumbList\",\"@id\":\"https:\/\/ukvisa.co.uk\/tr\/#breadcrumb\",\"itemListElement\":[{\"@type\":\"ListItem\",\"position\":1,\"name\":\"Home\",\"item\":\"https:\/\/ukvisa.co.uk\/tr\/\"},{\"@type\":\"ListItem\",\"position\":2,\"name\":\"UK Visa\"}]},{\"@type\":\"WebSite\",\"@id\":\"https:\/\/ukvisa.co.uk\/tr\/#website\",\"url\":\"https:\/\/ukvisa.co.uk\/tr\/\",\"name\":\"UKVISA.co.uk\",\"description\":\"\",\"potentialAction\":[{\"@type\":\"SearchAction\",\"target\":{\"@type\":\"EntryPoint\",\"urlTemplate\":\"https:\/\/ukvisa.co.uk\/tr\/?s={search_term_string}\"},\"query-input\":{\"@type\":\"PropertyValueSpecification\",\"valueRequired\":true,\"valueName\":\"search_term_string\"}}],\"inLanguage\":\"tr\"}]}<\/script>\n<!-- \/ Yoast SEO Premium plugin. -->","yoast_head_json":{"title":"\u0130ngiltere Vizesi Alma Rehberiniz: Ba\u015fvuru, Gerekenler ve Dahas\u0131 | UKVISA.co.uk","description":"\u0130ngiltere vizesi, g\u00f6\u00e7menlik, \u00e7al\u0131\u015fma izni, becerikli i\u015f\u00e7i veya turist vizesi alarak Birle\u015fik Krall\u0131k\u2019ta nas\u0131l kalaca\u011f\u0131n\u0131z\u0131 \u00f6\u011frenin","robots":{"index":"index","follow":"follow","max-snippet":"max-snippet:-1","max-image-preview":"max-image-preview:large","max-video-preview":"max-video-preview:-1"},"canonical":"https:\/\/ukvisa.co.uk\/tr\/","og_locale":"tr_TR","og_type":"article","og_title":"\u0130ngiltere Vizesi Alma Rehberiniz: Ba\u015fvuru, Gerekenler ve Dahas\u0131 | UKVISA.co.uk","og_description":"\u0130ngiltere vizesi, g\u00f6\u00e7menlik, \u00e7al\u0131\u015fma izni, becerikli i\u015f\u00e7i veya turist vizesi alarak Birle\u015fik Krall\u0131k\u2019ta nas\u0131l kalaca\u011f\u0131n\u0131z\u0131 \u00f6\u011frenin","og_url":"https:\/\/ukvisa.co.uk\/tr\/","og_site_name":"UKVISA.co.uk","article_modified_time":"2024-12-05T18:20:21+00:00","og_image":[{"width":634,"height":476,"url":"https:\/\/ukvisa.co.uk\/wp-content\/uploads\/2024\/02\/hero-img.webp","type":"image\/webp"}],"twitter_card":"summary_large_image","twitter_title":"UK Visa","schema":{"@context":"https:\/\/schema.org","@graph":[{"@type":"WebPage","@id":"https:\/\/ukvisa.co.uk\/tr\/","url":"https:\/\/ukvisa.co.uk\/tr\/","name":"\u0130ngiltere Vizesi Alma Rehberiniz: Ba\u015fvuru, Gerekenler ve Dahas\u0131 | UKVISA.co.uk","isPartOf":{"@id":"https:\/\/ukvisa.co.uk\/tr\/#website"},"datePublished":"2024-02-19T14:11:55+00:00","dateModified":"2024-12-05T18:20:21+00:00","description":"\u0130ngiltere vizesi, g\u00f6\u00e7menlik, \u00e7al\u0131\u015fma izni, becerikli i\u015f\u00e7i veya turist vizesi alarak Birle\u015fik Krall\u0131k\u2019ta nas\u0131l kalaca\u011f\u0131n\u0131z\u0131 \u00f6\u011frenin","breadcrumb":{"@id":"https:\/\/ukvisa.co.uk\/tr\/#breadcrumb"},"inLanguage":"tr","potentialAction":[{"@type":"ReadAction","target":["https:\/\/ukvisa.co.uk\/tr\/"]}]},{"@type":"BreadcrumbList","@id":"https:\/\/ukvisa.co.uk\/tr\/#breadcrumb","itemListElement":[{"@type":"ListItem","position":1,"name":"Home","item":"https:\/\/ukvisa.co.uk\/tr\/"},{"@type":"ListItem","position":2,"name":"UK Visa"}]},{"@type":"WebSite","@id":"https:\/\/ukvisa.co.uk\/tr\/#website","url":"https:\/\/ukvisa.co.uk\/tr\/","name":"UKVISA.co.uk","description":"","potentialAction":[{"@type":"SearchAction","target":{"@type":"EntryPoint","urlTemplate":"https:\/\/ukvisa.co.uk\/tr\/?s={search_term_string}"},"query-input":{"@type":"PropertyValueSpecification","valueRequired":true,"valueName":"search_term_string"}}],"inLanguage":"tr"}]}},"_links":{"self":[{"href":"https:\/\/ukvisa.co.uk\/tr\/wp-json\/wp\/v2\/pages\/3136","targetHints":{"allow":["GET"]}}],"collection":[{"href":"https:\/\/ukvisa.co.uk\/tr\/wp-json\/wp\/v2\/pages"}],"about":[{"href":"https:\/\/ukvisa.co.uk\/tr\/wp-json\/wp\/v2\/types\/page"}],"author":[{"embeddable":true,"href":"https:\/\/ukvisa.co.uk\/tr\/wp-json\/wp\/v2\/users\/1"}],"replies":[{"embeddable":true,"href":"https:\/\/ukvisa.co.uk\/tr\/wp-json\/wp\/v2\/comments?post=3136"}],"version-history":[{"count":4,"href":"https:\/\/ukvisa.co.uk\/tr\/wp-json\/wp\/v2\/pages\/3136\/revisions"}],"predecessor-version":[{"id":3264,"href":"https:\/\/ukvisa.co.uk\/tr\/wp-json\/wp\/v2\/pages\/3136\/revisions\/3264"}],"wp:attachment":[{"href":"https:\/\/ukvisa.co.uk\/tr\/wp-json\/wp\/v2\/media?parent=3136"}],"curies":[{"name":"wp","href":"https:\/\/api.w.org\/{rel}","templated":true}]}}