{"id":3087,"date":"2024-02-19T18:11:55","date_gmt":"2024-02-19T14:11:55","guid":{"rendered":"https:\/\/mav.ukvisa.co.uk\/home\/"},"modified":"2024-12-05T22:25:42","modified_gmt":"2024-12-05T18:25:42","slug":"home","status":"publish","type":"page","link":"https:\/\/ukvisa.co.uk\/pt\/","title":{"rendered":"UK Visa"},"content":{"rendered":"","protected":false},"excerpt":{"rendered":"","protected":false},"author":1,"featured_media":0,"parent":0,"menu_order":0,"comment_status":"closed","ping_status":"closed","template":"template-home.php","meta":{"_acf_changed":false,"inline_featured_image":false,"footnotes":""},"class_list":["post-3087","page","type-page","status-publish","hentry"],"acf":[],"yoast_head":"<!-- This site is optimized with the Yoast SEO Premium plugin v24.0 (Yoast SEO v24.0) - https:\/\/yoast.com\/wordpress\/plugins\/seo\/ -->\n<title>Seu guia para obter um visto para o Reino Unido: aplica\u00e7\u00e3o, requisitos e muito mais | UKVISA.co.uk<\/title>\n<meta name=\"description\" content=\"Como solicitar vistos para o Reino Unido, imigra\u00e7\u00e3o, autoriza\u00e7\u00f5es de trabalho, trabalhadores qualificados e vistos de turista para aproveitar sua estadia no Reino Unido.\" \/>\n<meta name=\"robots\" content=\"index, follow, max-snippet:-1, max-image-preview:large, max-video-preview:-1\" \/>\n<link rel=\"canonical\" href=\"https:\/\/ukvisa.co.uk\/pt\/\" \/>\n<meta property=\"og:locale\" content=\"pt_PT\" \/>\n<meta property=\"og:type\" content=\"article\" \/>\n<meta property=\"og:title\" content=\"Seu guia para obter um visto para o Reino Unido: aplica\u00e7\u00e3o, requisitos e muito mais | UKVISA.co.uk\" \/>\n<meta property=\"og:description\" content=\"Como solicitar vistos para o Reino Unido, imigra\u00e7\u00e3o, autoriza\u00e7\u00f5es de trabalho, trabalhadores qualificados e vistos de turista para aproveitar sua estadia no Reino Unido.\" \/>\n<meta property=\"og:url\" content=\"https:\/\/ukvisa.co.uk\/pt\/\" \/>\n<meta property=\"og:site_name\" content=\"UKVISA.co.uk\" \/>\n<meta property=\"article:modified_time\" content=\"2024-12-05T18:25:42+00:00\" \/>\n<meta property=\"og:image\" content=\"https:\/\/ukvisa.co.uk\/wp-content\/uploads\/2024\/02\/hero-img.webp\" \/>\n\t<meta property=\"og:image:width\" content=\"634\" \/>\n\t<meta property=\"og:image:height\" content=\"476\" \/>\n\t<meta property=\"og:image:type\" content=\"image\/webp\" \/>\n<meta name=\"twitter:card\" content=\"summary_large_image\" \/>\n<meta name=\"twitter:title\" content=\"UK Visa\" \/>\n<script type=\"application\/ld+json\" class=\"yoast-schema-graph\">{\"@context\":\"https:\/\/schema.org\",\"@graph\":[{\"@type\":\"WebPage\",\"@id\":\"https:\/\/ukvisa.co.uk\/pt\/\",\"url\":\"https:\/\/ukvisa.co.uk\/pt\/\",\"name\":\"Seu guia para obter um visto para o Reino Unido: aplica\u00e7\u00e3o, requisitos e muito mais | UKVISA.co.uk\",\"isPartOf\":{\"@id\":\"https:\/\/ukvisa.co.uk\/pt\/#website\"},\"datePublished\":\"2024-02-19T14:11:55+00:00\",\"dateModified\":\"2024-12-05T18:25:42+00:00\",\"description\":\"Como solicitar vistos para o Reino Unido, imigra\u00e7\u00e3o, autoriza\u00e7\u00f5es de trabalho, trabalhadores qualificados e vistos de turista para aproveitar sua estadia no Reino Unido.\",\"breadcrumb\":{\"@id\":\"https:\/\/ukvisa.co.uk\/pt\/#breadcrumb\"},\"inLanguage\":\"pt\",\"potentialAction\":[{\"@type\":\"ReadAction\",\"target\":[\"https:\/\/ukvisa.co.uk\/pt\/\"]}]},{\"@type\":\"BreadcrumbList\",\"@id\":\"https:\/\/ukvisa.co.uk\/pt\/#breadcrumb\",\"itemListElement\":[{\"@type\":\"ListItem\",\"position\":1,\"name\":\"Home\",\"item\":\"https:\/\/ukvisa.co.uk\/pt\/home\/\"},{\"@type\":\"ListItem\",\"position\":2,\"name\":\"UK Visa\"}]},{\"@type\":\"WebSite\",\"@id\":\"https:\/\/ukvisa.co.uk\/pt\/#website\",\"url\":\"https:\/\/ukvisa.co.uk\/pt\/\",\"name\":\"UKVISA.co.uk\",\"description\":\"\",\"potentialAction\":[{\"@type\":\"SearchAction\",\"target\":{\"@type\":\"EntryPoint\",\"urlTemplate\":\"https:\/\/ukvisa.co.uk\/pt\/?s={search_term_string}\"},\"query-input\":{\"@type\":\"PropertyValueSpecification\",\"valueRequired\":true,\"valueName\":\"search_term_string\"}}],\"inLanguage\":\"pt\"}]}<\/script>\n<!-- \/ Yoast SEO Premium plugin. -->","yoast_head_json":{"title":"Seu guia para obter um visto para o Reino Unido: aplica\u00e7\u00e3o, requisitos e muito mais | UKVISA.co.uk","description":"Como solicitar vistos para o Reino Unido, imigra\u00e7\u00e3o, autoriza\u00e7\u00f5es de trabalho, trabalhadores qualificados e vistos de turista para aproveitar sua estadia no Reino Unido.","robots":{"index":"index","follow":"follow","max-snippet":"max-snippet:-1","max-image-preview":"max-image-preview:large","max-video-preview":"max-video-preview:-1"},"canonical":"https:\/\/ukvisa.co.uk\/pt\/","og_locale":"pt_PT","og_type":"article","og_title":"Seu guia para obter um visto para o Reino Unido: aplica\u00e7\u00e3o, requisitos e muito mais | UKVISA.co.uk","og_description":"Como solicitar vistos para o Reino Unido, imigra\u00e7\u00e3o, autoriza\u00e7\u00f5es de trabalho, trabalhadores qualificados e vistos de turista para aproveitar sua estadia no Reino Unido.","og_url":"https:\/\/ukvisa.co.uk\/pt\/","og_site_name":"UKVISA.co.uk","article_modified_time":"2024-12-05T18:25:42+00:00","og_image":[{"width":634,"height":476,"url":"https:\/\/ukvisa.co.uk\/wp-content\/uploads\/2024\/02\/hero-img.webp","type":"image\/webp"}],"twitter_card":"summary_large_image","twitter_title":"UK Visa","schema":{"@context":"https:\/\/schema.org","@graph":[{"@type":"WebPage","@id":"https:\/\/ukvisa.co.uk\/pt\/","url":"https:\/\/ukvisa.co.uk\/pt\/","name":"Seu guia para obter um visto para o Reino Unido: aplica\u00e7\u00e3o, requisitos e muito mais | UKVISA.co.uk","isPartOf":{"@id":"https:\/\/ukvisa.co.uk\/pt\/#website"},"datePublished":"2024-02-19T14:11:55+00:00","dateModified":"2024-12-05T18:25:42+00:00","description":"Como solicitar vistos para o Reino Unido, imigra\u00e7\u00e3o, autoriza\u00e7\u00f5es de trabalho, trabalhadores qualificados e vistos de turista para aproveitar sua estadia no Reino Unido.","breadcrumb":{"@id":"https:\/\/ukvisa.co.uk\/pt\/#breadcrumb"},"inLanguage":"pt","potentialAction":[{"@type":"ReadAction","target":["https:\/\/ukvisa.co.uk\/pt\/"]}]},{"@type":"BreadcrumbList","@id":"https:\/\/ukvisa.co.uk\/pt\/#breadcrumb","itemListElement":[{"@type":"ListItem","position":1,"name":"Home","item":"https:\/\/ukvisa.co.uk\/pt\/home\/"},{"@type":"ListItem","position":2,"name":"UK Visa"}]},{"@type":"WebSite","@id":"https:\/\/ukvisa.co.uk\/pt\/#website","url":"https:\/\/ukvisa.co.uk\/pt\/","name":"UKVISA.co.uk","description":"","potentialAction":[{"@type":"SearchAction","target":{"@type":"EntryPoint","urlTemplate":"https:\/\/ukvisa.co.uk\/pt\/?s={search_term_string}"},"query-input":{"@type":"PropertyValueSpecification","valueRequired":true,"valueName":"search_term_string"}}],"inLanguage":"pt"}]}},"_links":{"self":[{"href":"https:\/\/ukvisa.co.uk\/pt\/wp-json\/wp\/v2\/pages\/3087","targetHints":{"allow":["GET"]}}],"collection":[{"href":"https:\/\/ukvisa.co.uk\/pt\/wp-json\/wp\/v2\/pages"}],"about":[{"href":"https:\/\/ukvisa.co.uk\/pt\/wp-json\/wp\/v2\/types\/page"}],"author":[{"embeddable":true,"href":"https:\/\/ukvisa.co.uk\/pt\/wp-json\/wp\/v2\/users\/1"}],"replies":[{"embeddable":true,"href":"https:\/\/ukvisa.co.uk\/pt\/wp-json\/wp\/v2\/comments?post=3087"}],"version-history":[{"count":6,"href":"https:\/\/ukvisa.co.uk\/pt\/wp-json\/wp\/v2\/pages\/3087\/revisions"}],"predecessor-version":[{"id":3271,"href":"https:\/\/ukvisa.co.uk\/pt\/wp-json\/wp\/v2\/pages\/3087\/revisions\/3271"}],"wp:attachment":[{"href":"https:\/\/ukvisa.co.uk\/pt\/wp-json\/wp\/v2\/media?parent=3087"}],"curies":[{"name":"wp","href":"https:\/\/api.w.org\/{rel}","templated":true}]}}